{"id":538,"date":"2023-03-13T15:59:23","date_gmt":"2023-03-13T21:59:23","guid":{"rendered":"https:\/\/adlgroup.global\/?page_id=538"},"modified":"2023-04-18T12:16:56","modified_gmt":"2023-04-18T18:16:56","slug":"aviso-de-privacidad","status":"publish","type":"page","link":"https:\/\/adlgroup.global\/es\/aviso-de-privacidad\/","title":{"rendered":"Aviso de privacidad"},"content":{"rendered":"\t\t<div data-elementor-type=\"wp-page\" data-elementor-id=\"538\" class=\"elementor elementor-538\" data-elementor-post-type=\"page\">\n\t\t\t\t\t\t<section class=\"elementor-section elementor-top-section elementor-element elementor-element-65e4a154 elementor-section-boxed elementor-section-height-default elementor-section-height-default\" data-id=\"65e4a154\" data-element_type=\"section\" data-settings=\"{&quot;background_background&quot;:&quot;classic&quot;,&quot;background_motion_fx_motion_fx_scrolling&quot;:&quot;yes&quot;,&quot;background_motion_fx_devices&quot;:[&quot;desktop&quot;,&quot;tablet&quot;,&quot;mobile&quot;]}\">\n\t\t\t\t\t\t\t<div class=\"elementor-background-overlay\"><\/div>\n\t\t\t\t\t\t\t<div class=\"elementor-container elementor-column-gap-no\">\n\t\t\t\t\t<div class=\"elementor-column elementor-col-100 elementor-top-column elementor-element elementor-element-474e2a97\" data-id=\"474e2a97\" data-element_type=\"column\">\n\t\t\t<div class=\"elementor-widget-wrap elementor-element-populated\">\n\t\t\t\t\t\t<div class=\"elementor-element elementor-element-445793de elementor-icon-list--layout-inline elementor-align-center elementor-list-item-link-full_width elementor-widget elementor-widget-icon-list\" data-id=\"445793de\" data-element_type=\"widget\" data-widget_type=\"icon-list.default\">\n\t\t\t\t<div class=\"elementor-widget-container\">\n\t\t\t\t\t\t\t<ul class=\"elementor-icon-list-items elementor-inline-items\">\n\t\t\t\t\t\t\t<li class=\"elementor-icon-list-item elementor-inline-item\">\n\t\t\t\t\t\t\t\t\t\t\t<a href=\"https:\/\/adlgroup.global\/es\">\n\n\t\t\t\t\t\t\t\t\t\t\t<span class=\"elementor-icon-list-text\">Home<\/span>\n\t\t\t\t\t\t\t\t\t\t\t<\/a>\n\t\t\t\t\t\t\t\t\t<\/li>\n\t\t\t\t\t\t\t\t<li class=\"elementor-icon-list-item elementor-inline-item\">\n\t\t\t\t\t\t\t\t\t\t\t<span class=\"elementor-icon-list-icon\">\n\t\t\t\t\t\t\t<i aria-hidden=\"true\" class=\"fas fa-angle-right\"><\/i>\t\t\t\t\t\t<\/span>\n\t\t\t\t\t\t\t\t\t\t<span class=\"elementor-icon-list-text\"><\/span>\n\t\t\t\t\t\t\t\t\t<\/li>\n\t\t\t\t\t\t<\/ul>\n\t\t\t\t\t\t<\/div>\n\t\t\t\t<\/div>\n\t\t\t\t<div class=\"elementor-element elementor-element-67072226 elementor-widget elementor-widget-text-editor\" data-id=\"67072226\" data-element_type=\"widget\" data-widget_type=\"text-editor.default\">\n\t\t\t\t<div class=\"elementor-widget-container\">\n\t\t\t\t\t\t\t\t\t<p>Con la finalidad de dar cumplimiento a lo dispuesto en la Ley Federal de Protecci\u00f3n de Datos Personales en Posesi\u00f3n de los Particulares, la cual fue publicada en el Diario Oficial de la Federaci\u00f3n el 5 de julio de 2010, damos a conocer nuestro\u00a0AVISO DE PRIVACIDAD\u00a0\u00a0a que se refiere la citada Ley, relativo al tratamiento de los datos personales de nuestros clientes, que ustedes, en su car\u00e1cter de Titulares de dichos datos, han proporcionado a Alfredo de Le\u00f3n y C\u00eda. S.C.<\/p>\t\t\t\t\t\t\t\t<\/div>\n\t\t\t\t<\/div>\n\t\t\t\t\t<\/div>\n\t\t<\/div>\n\t\t\t\t\t<\/div>\n\t\t<\/section>\n\t\t\t\t<section class=\"elementor-section elementor-top-section elementor-element elementor-element-ff9617d elementor-section-boxed elementor-section-height-default elementor-section-height-default\" data-id=\"ff9617d\" data-element_type=\"section\">\n\t\t\t\t\t\t<div class=\"elementor-container elementor-column-gap-default\">\n\t\t\t\t\t<div class=\"elementor-column elementor-col-100 elementor-top-column elementor-element elementor-element-5443112\" data-id=\"5443112\" data-element_type=\"column\">\n\t\t\t<div class=\"elementor-widget-wrap elementor-element-populated\">\n\t\t\t\t\t\t<div class=\"elementor-element elementor-element-4a4ff1c elementor-widget elementor-widget-spacer\" data-id=\"4a4ff1c\" data-element_type=\"widget\" data-widget_type=\"spacer.default\">\n\t\t\t\t<div class=\"elementor-widget-container\">\n\t\t\t\t\t\t\t<div class=\"elementor-spacer\">\n\t\t\t<div class=\"elementor-spacer-inner\"><\/div>\n\t\t<\/div>\n\t\t\t\t\t\t<\/div>\n\t\t\t\t<\/div>\n\t\t\t\t<div class=\"elementor-element elementor-element-78930e5 elementor-widget elementor-widget-text-editor\" data-id=\"78930e5\" data-element_type=\"widget\" data-widget_type=\"text-editor.default\">\n\t\t\t\t<div class=\"elementor-widget-container\">\n\t\t\t\t\t\t\t\t\t<p>I. RESPONSABLE DEL TRATAMIENTO DE SUS DATOS PERSONALES:<\/p><p>Alfredo De Le\u00f3n y C\u00eda, S.C con domicilio en calle Mina No. 3724 C.P. 88000, en la ciudad de Nuevo Laredo, Estado de Tamaulipas.<\/p><p>II. FINALIDADES DEL TRATAMIENTO DE SUS DATOS PERSONALES:<\/p><p>Su informaci\u00f3n personal ser\u00e1 utilizada para las siguientes finalidades:<br \/>1. Proveer los servicios que ha encomendado y\/o solicitado a nuestra empresa.<br \/>2. El env\u00edo de informaci\u00f3n relacionada\u00a0 con sus operaciones log\u00edsticas y\/o de comercio exterior.<br \/>3. El env\u00edo de informaci\u00f3n relevantea la prestaci\u00f3n de nuestros\u00a0 servicios.<br \/>4. La recopilaci\u00f3n y resguardo de la informaci\u00f3n que el Agente Aduanal requiere de acuerdo a lo \u00a0establecido en la legislaci\u00f3n aduanera.<br \/>5. Cualquier actividad que est\u00e9 relacionada\u00a0 con el objeto social de la empresa.<\/p><p>III. OPCIONES Y MEDIOS QUE ALFREDO DE LEON Y CIA,S.C, EN SU CALIDAD DE RESPONSABLE DEL TRATAMIENTO DE DATOS, OFRECE A SUS CLIENTES, PARA QUE EN SU CAR\u00c1CTER DE TITULARES DE LOS DATOS PERSONALES, PUEDAN LIMITAR EL USO O DIVULGACI\u00d3N DE LOS MISMOS:<\/p><p>Usted puede limitar el uso o divulgaci\u00f3n de sus datos personales enviando su solicitud, al correo electr\u00f3nico\u00a0<a title=\"\" href=\"mailto:hdelacruz@adlgroup.global\">hdelacruz@adlgroup.global<\/a>. Dicha solicitud deber\u00e1 ser dirigida al Contador Hugo De La Cruz,\u00a0 indicando la limitaci\u00f3n que desea usted implantar sobre el uso o divulgaci\u00f3n de sus datos personales, de acuerdo a:<\/p><p>IV. MEDIOS PARA EJERCER LOS DERECHOS DE ACCESO, RECTIFICACI\u00d3N, CANCELACI\u00d3N U OPOSICI\u00d3N, DE LOS DATOS PERSONALES:<\/p><p>Usted tiene el derecho de acceder a sus datos personales que poseemos, as\u00ed como rectificarlos en caso de ser inexactos, o instruirnos a cancelarlos cuando considere que resultan excesivos o innecesarios para la finalidad que justifican su tratamiento.<br \/>El mecanismo que se ha implementado para el ejercicio de dichos derechos es a trav\u00e9s de la presentaci\u00f3n de su solicitud respectiva al correo <a title=\"\" href=\"mailto:hdelacruz@adlgroup.global\">hdelacruz@adlgroup.global<\/a>.<\/p><p>Art\u00edculo 29.- La solicitud de acceso, rectificaci\u00f3n, cancelaci\u00f3n u oposici\u00f3n deber\u00e1 contener y acompa\u00f1ar lo siguiente:<br \/>I. El nombre del titular y domicilio u otro medio para comunicarle la respuesta a su solicitud.II. Los documentos que acrediten la identidad o, en su caso, la representaci\u00f3n legal del titular.<br \/>III. La descripci\u00f3n clara y precisa de los datos personales respecto de los que se busca ejercer alguno de los derechos antes mencionados.<br \/>IV. Cualquier otro elemento o documento que facilite la localizaci\u00f3n de los datos personales.<br \/>En caso de solicitudes de rectificaci\u00f3n de datos personales, el titular deber\u00e1 indicar, adem\u00e1s de lo anteriormente se\u00f1alado, las modificaciones a realizarse y aportar la documentaci\u00f3n que sustente su petici\u00f3n.<\/p><p>V. MODIFICACIONES AL AVISO DE PRIVACIDAD:<\/p><p>Nos reservamos el derecho de efectuar en cualquier momento modificaciones o actualizaciones al presente aviso de privacidad, para la atenci\u00f3n de nuevos requerimientos de nuestros clientes, legislativas \u00fa ofrecimiento de nuestros servicios.<\/p><p>En caso de existir alguna modificaci\u00f3n o actualizaci\u00f3n al presente Aviso de Privacidad, esta se comunicar\u00eda a los titulares, a trav\u00e9s de nuestro portal de internet de Alfredo de Le\u00f3n y C\u00eda\u00a0y mediante circular que les haremos llegar para tal efecto modificar.<\/p>\t\t\t\t\t\t\t\t<\/div>\n\t\t\t\t<\/div>\n\t\t\t\t\t<\/div>\n\t\t<\/div>\n\t\t\t\t\t<\/div>\n\t\t<\/section>\n\t\t\t\t<section class=\"elementor-section elementor-top-section elementor-element elementor-element-315b408 elementor-section-boxed elementor-section-height-default elementor-section-height-default\" data-id=\"315b408\" data-element_type=\"section\">\n\t\t\t\t\t\t<div class=\"elementor-container elementor-column-gap-default\">\n\t\t\t\t\t<div class=\"elementor-column elementor-col-100 elementor-top-column elementor-element elementor-element-84a48aa\" data-id=\"84a48aa\" data-element_type=\"column\">\n\t\t\t<div class=\"elementor-widget-wrap elementor-element-populated\">\n\t\t\t\t\t\t<div class=\"elementor-element elementor-element-e8cec94 elementor-widget elementor-widget-spacer\" data-id=\"e8cec94\" data-element_type=\"widget\" data-widget_type=\"spacer.default\">\n\t\t\t\t<div class=\"elementor-widget-container\">\n\t\t\t\t\t\t\t<div class=\"elementor-spacer\">\n\t\t\t<div class=\"elementor-spacer-inner\"><\/div>\n\t\t<\/div>\n\t\t\t\t\t\t<\/div>\n\t\t\t\t<\/div>\n\t\t\t\t\t<\/div>\n\t\t<\/div>\n\t\t\t\t\t<\/div>\n\t\t<\/section>\n\t\t\t\t<\/div>\n\t\t","protected":false},"excerpt":{"rendered":"<p>Home Con la finalidad de dar cumplimiento a lo dispuesto en la Ley Federal de Protecci\u00f3n de Datos Personales en Posesi\u00f3n de los Particulares, la cual fue publicada en el Diario Oficial de la Federaci\u00f3n el 5 de julio de 2010, damos a conocer nuestro\u00a0AVISO DE PRIVACIDAD\u00a0\u00a0a que se refiere la citada Ley, relativo al [&hellip;]<\/p>\n","protected":false},"author":1,"featured_media":0,"parent":0,"menu_order":0,"comment_status":"closed","ping_status":"closed","template":"elementor_header_footer","meta":{"footnotes":""},"_links":{"self":[{"href":"https:\/\/adlgroup.global\/es\/wp-json\/wp\/v2\/pages\/538"}],"collection":[{"href":"https:\/\/adlgroup.global\/es\/wp-json\/wp\/v2\/pages"}],"about":[{"href":"https:\/\/adlgroup.global\/es\/wp-json\/wp\/v2\/types\/page"}],"author":[{"embeddable":true,"href":"https:\/\/adlgroup.global\/es\/wp-json\/wp\/v2\/users\/1"}],"replies":[{"embeddable":true,"href":"https:\/\/adlgroup.global\/es\/wp-json\/wp\/v2\/comments?post=538"}],"version-history":[{"count":22,"href":"https:\/\/adlgroup.global\/es\/wp-json\/wp\/v2\/pages\/538\/revisions"}],"predecessor-version":[{"id":1032,"href":"https:\/\/adlgroup.global\/es\/wp-json\/wp\/v2\/pages\/538\/revisions\/1032"}],"wp:attachment":[{"href":"https:\/\/adlgroup.global\/es\/wp-json\/wp\/v2\/media?parent=538"}],"curies":[{"name":"wp","href":"https:\/\/api.w.org\/{rel}","templated":true}]}}